{"id":1261,"date":"2024-05-23T18:50:26","date_gmt":"2024-05-23T18:50:26","guid":{"rendered":"https:\/\/inmobiliariayahve.com\/?page_id=1261"},"modified":"2025-03-11T16:21:46","modified_gmt":"2025-03-11T16:21:46","slug":"inicio","status":"publish","type":"page","link":"https:\/\/inmobiliariayahve.com\/","title":{"rendered":"Inicio"},"content":{"rendered":"\t\t<div data-elementor-type=\"wp-post\" data-elementor-id=\"1261\" class=\"elementor elementor-1261\">\n\t\t\t\t\t\t<section class=\"elementor-section elementor-top-section elementor-element elementor-element-c3388f8 elementor-section-height-full elementor-section-content-middle elementor-section-boxed elementor-section-height-default elementor-section-items-middle\" data-id=\"c3388f8\" data-element_type=\"section\" data-settings=\"{&quot;background_background&quot;:&quot;classic&quot;}\">\n\t\t\t\t\t\t\t<div class=\"elementor-background-overlay\"><\/div>\n\t\t\t\t\t\t\t<div class=\"elementor-container elementor-column-gap-narrow\">\n\t\t\t\t\t<div class=\"elementor-column elementor-col-100 elementor-top-column elementor-element elementor-element-39c828a\" data-id=\"39c828a\" data-element_type=\"column\">\n\t\t\t<div class=\"elementor-widget-wrap elementor-element-populated\">\n\t\t\t\t\t\t<div class=\"elementor-element elementor-element-a186d82 animated-slow elementor-invisible elementor-widget elementor-widget-heading\" data-id=\"a186d82\" data-element_type=\"widget\" data-settings=\"{&quot;_animation&quot;:&quot;fadeIn&quot;}\" data-widget_type=\"heading.default\">\n\t\t\t\t<div class=\"elementor-widget-container\">\n\t\t\t<style>\/*! elementor - v3.22.0 - 17-06-2024 *\/\n.elementor-heading-title{padding:0;margin:0;line-height:1}.elementor-widget-heading .elementor-heading-title[class*=elementor-size-]>a{color:inherit;font-size:inherit;line-height:inherit}.elementor-widget-heading .elementor-heading-title.elementor-size-small{font-size:15px}.elementor-widget-heading .elementor-heading-title.elementor-size-medium{font-size:19px}.elementor-widget-heading .elementor-heading-title.elementor-size-large{font-size:29px}.elementor-widget-heading .elementor-heading-title.elementor-size-xl{font-size:39px}.elementor-widget-heading .elementor-heading-title.elementor-size-xxl{font-size:59px}<\/style><span class=\"elementor-heading-title elementor-size-default\">Bienvenido a Inmobiliaria Yahve<\/span>\t\t<\/div>\n\t\t\t\t<\/div>\n\t\t\t\t<div class=\"elementor-element elementor-element-577c084 elementor-widget elementor-widget-heading\" data-id=\"577c084\" data-element_type=\"widget\" data-widget_type=\"heading.default\">\n\t\t\t\t<div class=\"elementor-widget-container\">\n\t\t\t<span class=\"elementor-heading-title elementor-size-default\">Conoce nuestro nuevo proyecto\nVirreyes Residencial<\/span>\t\t<\/div>\n\t\t\t\t<\/div>\n\t\t\t\t<div class=\"elementor-element elementor-element-855adee elementor-widget elementor-widget-text-editor\" data-id=\"855adee\" data-element_type=\"widget\" data-widget_type=\"text-editor.default\">\n\t\t\t\t<div class=\"elementor-widget-container\">\n\t\t\t<style>\/*! elementor - v3.22.0 - 17-06-2024 *\/\n.elementor-widget-text-editor.elementor-drop-cap-view-stacked .elementor-drop-cap{background-color:#69727d;color:#fff}.elementor-widget-text-editor.elementor-drop-cap-view-framed .elementor-drop-cap{color:#69727d;border:3px solid;background-color:transparent}.elementor-widget-text-editor:not(.elementor-drop-cap-view-default) .elementor-drop-cap{margin-top:8px}.elementor-widget-text-editor:not(.elementor-drop-cap-view-default) .elementor-drop-cap-letter{width:1em;height:1em}.elementor-widget-text-editor .elementor-drop-cap{float:left;text-align:center;line-height:1;font-size:50px}.elementor-widget-text-editor .elementor-drop-cap-letter{display:inline-block}<\/style>\t\t\t\t<p>\u00a1Somos tu socio confiable en bienes ra\u00edces donde tus sue\u00f1os encuentran hogar!<\/p><p>En Yahv\u00e9 Inmobiliaria, nos enorgullece ofrecer un servicio personalizado y profesional en el mundo de los bienes ra\u00edces. Nuestra misi\u00f3n es conectar personas con hogares que reflejen sus sue\u00f1os y necesidades, convirtiendo cada transacci\u00f3n en una experiencia inolvidable.<\/p>\t\t\t\t\t\t<\/div>\n\t\t\t\t<\/div>\n\t\t\t\t<div class=\"elementor-element elementor-element-a499cb4 elementor-arrows-position-inside elementor-pagination-position-outside elementor-widget elementor-widget-image-carousel\" data-id=\"a499cb4\" data-element_type=\"widget\" data-settings=\"{&quot;lazyload&quot;:&quot;yes&quot;,&quot;autoplay_speed&quot;:500,&quot;speed&quot;:800,&quot;navigation&quot;:&quot;both&quot;,&quot;autoplay&quot;:&quot;yes&quot;,&quot;pause_on_hover&quot;:&quot;yes&quot;,&quot;pause_on_interaction&quot;:&quot;yes&quot;,&quot;infinite&quot;:&quot;yes&quot;}\" data-widget_type=\"image-carousel.default\">\n\t\t\t\t<div class=\"elementor-widget-container\">\n\t\t\t<style>\/*! elementor - v3.22.0 - 17-06-2024 *\/\n.elementor-widget-image-carousel .swiper,.elementor-widget-image-carousel .swiper-container{position:static}.elementor-widget-image-carousel .swiper-container .swiper-slide figure,.elementor-widget-image-carousel .swiper .swiper-slide figure{line-height:inherit}.elementor-widget-image-carousel .swiper-slide{text-align:center}.elementor-image-carousel-wrapper:not(.swiper-container-initialized):not(.swiper-initialized) .swiper-slide{max-width:calc(100% \/ var(--e-image-carousel-slides-to-show, 3))}<\/style>\t\t<div class=\"elementor-image-carousel-wrapper swiper\" dir=\"ltr\">\n\t\t\t<div class=\"elementor-image-carousel swiper-wrapper swiper-image-stretch\" aria-live=\"off\">\n\t\t\t\t\t\t\t\t<div class=\"swiper-slide\" role=\"group\" aria-roledescription=\"slide\" aria-label=\"1 de 6\"><figure class=\"swiper-slide-inner\"><img class=\"swiper-slide-image swiper-lazy\" data-src=\"https:\/\/inmobiliariayahve.com\/wp-content\/uploads\/elementor\/thumbs\/IMG_20240521_154829322-scaled-qolh5qdym32j3lv22loko4q83tx2npw8o8rd2zewso.jpg\" alt=\"IMG_20240521_154829322\" \/><div class=\"swiper-lazy-preloader\"><\/div><\/figure><\/div><div class=\"swiper-slide\" role=\"group\" aria-roledescription=\"slide\" aria-label=\"2 de 6\"><figure class=\"swiper-slide-inner\"><img class=\"swiper-slide-image swiper-lazy\" data-src=\"https:\/\/inmobiliariayahve.com\/wp-content\/uploads\/elementor\/thumbs\/IMG_20240521_155311688_HDR-scaled-qolh82zfp6ac4ig6cm8zwjdpkic3wh82zvh29vxh8o.jpg\" alt=\"IMG_20240521_155311688_HDR\" \/><div class=\"swiper-lazy-preloader\"><\/div><\/figure><\/div><div class=\"swiper-slide\" role=\"group\" aria-roledescription=\"slide\" aria-label=\"3 de 6\"><figure class=\"swiper-slide-inner\"><img class=\"swiper-slide-image swiper-lazy\" data-src=\"https:\/\/inmobiliariayahve.com\/wp-content\/uploads\/elementor\/thumbs\/IMG_20240521_155448907-scaled-qolh8sd2tp92tzfb8f7x9uz5lwv0ob0u3d368cvuko.jpg\" alt=\"IMG_20240521_155448907\" \/><div class=\"swiper-lazy-preloader\"><\/div><\/figure><\/div><div class=\"swiper-slide\" role=\"group\" aria-roledescription=\"slide\" aria-label=\"4 de 6\"><figure class=\"swiper-slide-inner\"><img class=\"swiper-slide-image swiper-lazy\" data-src=\"https:\/\/inmobiliariayahve.com\/wp-content\/uploads\/elementor\/thumbs\/IMG_20240521_160030448-scaled-qolhavk60g40mse31bq2tc014qkds3bd1pa0mhscqw.jpg\" alt=\"IMG_20240521_160030448\" \/><div class=\"swiper-lazy-preloader\"><\/div><\/figure><\/div><div class=\"swiper-slide\" role=\"group\" aria-roledescription=\"slide\" aria-label=\"5 de 6\"><figure class=\"swiper-slide-inner\"><img class=\"swiper-slide-image swiper-lazy\" data-src=\"https:\/\/inmobiliariayahve.com\/wp-content\/uploads\/elementor\/thumbs\/Screenshot_20240522-122745-qolhf2w6krv6k0a9hn50grt8rruh7d05aib6w1jyx4.png\" alt=\"Screenshot_20240522-122745\" \/><div class=\"swiper-lazy-preloader\"><\/div><\/figure><\/div><div class=\"swiper-slide\" role=\"group\" aria-roledescription=\"slide\" aria-label=\"6 de 6\"><figure class=\"swiper-slide-inner\"><img class=\"swiper-slide-image swiper-lazy\" data-src=\"https:\/\/inmobiliariayahve.com\/wp-content\/uploads\/elementor\/thumbs\/Screenshot_20240522-122909-qolhfjt9zsicczloqugapnjjgpj31wvbcu1xj0uvt4.png\" alt=\"Screenshot_20240522-122909\" \/><div class=\"swiper-lazy-preloader\"><\/div><\/figure><\/div>\t\t\t<\/div>\n\t\t\t\t\t\t\t\t\t\t\t\t<div class=\"elementor-swiper-button elementor-swiper-button-prev\" role=\"button\" tabindex=\"0\">\n\t\t\t\t\t\t<i aria-hidden=\"true\" class=\"eicon-chevron-left\"><\/i>\t\t\t\t\t<\/div>\n\t\t\t\t\t<div class=\"elementor-swiper-button elementor-swiper-button-next\" role=\"button\" tabindex=\"0\">\n\t\t\t\t\t\t<i aria-hidden=\"true\" class=\"eicon-chevron-right\"><\/i>\t\t\t\t\t<\/div>\n\t\t\t\t\n\t\t\t\t\t\t\t\t\t<div class=\"swiper-pagination\"><\/div>\n\t\t\t\t\t\t\t\t\t<\/div>\n\t\t\t\t<\/div>\n\t\t\t\t<\/div>\n\t\t\t\t\t<\/div>\n\t\t<\/div>\n\t\t\t\t\t<\/div>\n\t\t<\/section>\n\t\t\t\t<section class=\"elementor-section elementor-top-section elementor-element elementor-element-9284398 elementor-section-full_width elementor-section-height-default elementor-section-height-default\" data-id=\"9284398\" data-element_type=\"section\">\n\t\t\t\t\t\t<div class=\"elementor-container elementor-column-gap-default\">\n\t\t\t\t\t<div class=\"elementor-column elementor-col-100 elementor-top-column elementor-element elementor-element-bee4a7f\" data-id=\"bee4a7f\" data-element_type=\"column\">\n\t\t\t<div class=\"elementor-widget-wrap elementor-element-populated\">\n\t\t\t\t\t\t<div class=\"elementor-element elementor-element-d69f9e9 elementor-widget elementor-widget-heading\" data-id=\"d69f9e9\" data-element_type=\"widget\" data-widget_type=\"heading.default\">\n\t\t\t\t<div class=\"elementor-widget-container\">\n\t\t\t<div class=\"elementor-heading-title elementor-size-default\">Nuestras amenidades<\/div>\t\t<\/div>\n\t\t\t\t<\/div>\n\t\t\t\t<section class=\"elementor-section elementor-inner-section elementor-element elementor-element-e345dd8 elementor-section-boxed elementor-section-height-default elementor-section-height-default\" data-id=\"e345dd8\" data-element_type=\"section\">\n\t\t\t\t\t\t<div class=\"elementor-container elementor-column-gap-default\">\n\t\t\t\t\t<div class=\"elementor-column elementor-col-50 elementor-inner-column elementor-element elementor-element-cd306c4\" data-id=\"cd306c4\" data-element_type=\"column\">\n\t\t\t<div class=\"elementor-widget-wrap elementor-element-populated\">\n\t\t\t\t\t\t<div class=\"elementor-element elementor-element-cdd8517 elementor-widget elementor-widget-heading\" data-id=\"cdd8517\" data-element_type=\"widget\" data-widget_type=\"heading.default\">\n\t\t\t\t<div class=\"elementor-widget-container\">\n\t\t\t<div class=\"elementor-heading-title elementor-size-default\">Roof Garden<\/div>\t\t<\/div>\n\t\t\t\t<\/div>\n\t\t\t\t<div class=\"elementor-element elementor-element-e2d873d elementor-widget elementor-widget-image\" data-id=\"e2d873d\" data-element_type=\"widget\" data-widget_type=\"image.default\">\n\t\t\t\t<div class=\"elementor-widget-container\">\n\t\t\t<style>\/*! elementor - v3.22.0 - 17-06-2024 *\/\n.elementor-widget-image{text-align:center}.elementor-widget-image a{display:inline-block}.elementor-widget-image a img[src$=\".svg\"]{width:48px}.elementor-widget-image img{vertical-align:middle;display:inline-block}<\/style>\t\t\t\t\t\t\t\t\t\t<img fetchpriority=\"high\" decoding=\"async\" width=\"300\" height=\"300\" src=\"https:\/\/inmobiliariayahve.com\/wp-content\/uploads\/2024\/01\/icono-5-300x300.png\" class=\"attachment-medium size-medium wp-image-197\" alt=\"\" srcset=\"https:\/\/inmobiliariayahve.com\/wp-content\/uploads\/2024\/01\/icono-5-300x300.png 300w, https:\/\/inmobiliariayahve.com\/wp-content\/uploads\/2024\/01\/icono-5-150x150.png 150w, https:\/\/inmobiliariayahve.com\/wp-content\/uploads\/2024\/01\/icono-5-768x768.png 768w, https:\/\/inmobiliariayahve.com\/wp-content\/uploads\/2024\/01\/icono-5.png 1000w\" sizes=\"(max-width: 300px) 100vw, 300px\" \/>\t\t\t\t\t\t\t\t\t\t\t\t\t<\/div>\n\t\t\t\t<\/div>\n\t\t\t\t<div class=\"elementor-element elementor-element-b07808c elementor-widget elementor-widget-text-editor\" data-id=\"b07808c\" data-element_type=\"widget\" data-widget_type=\"text-editor.default\">\n\t\t\t\t<div class=\"elementor-widget-container\">\n\t\t\t\t\t\t\t<p class=\"MsoNormal\">Este Roof Garden no solo ofrece vistas panor\u00e1micas impresionantes, sino tambi\u00e9n un espacio al aire libre perfectamente dise\u00f1ado para tus momentos de relajaci\u00f3n, entretenimiento y conexi\u00f3n con la naturaleza en pleno coraz\u00f3n de tu hogar.<\/p>\n<p><\/p>\n<p class=\"MsoNormal\">Imagina disfrutar de atardeceres inolvidables, reuniones \u00edntimas o simplemente encontrar un espacio tranquilo para ti. Es m\u00e1s que un lugar para vivir; es un oasis personalizado para tu estilo de vida moderno y sofisticado.&nbsp;<\/p>\t\t\t\t\t\t<\/div>\n\t\t\t\t<\/div>\n\t\t\t\t\t<\/div>\n\t\t<\/div>\n\t\t\t\t<div class=\"elementor-column elementor-col-50 elementor-inner-column elementor-element elementor-element-02b3f43\" data-id=\"02b3f43\" data-element_type=\"column\">\n\t\t\t<div class=\"elementor-widget-wrap elementor-element-populated\">\n\t\t\t\t\t\t<div class=\"elementor-element elementor-element-0fcfa19 elementor-widget elementor-widget-heading\" data-id=\"0fcfa19\" data-element_type=\"widget\" data-widget_type=\"heading.default\">\n\t\t\t\t<div class=\"elementor-widget-container\">\n\t\t\t<div class=\"elementor-heading-title elementor-size-default\">Rec\u00e1mara principal<\/div>\t\t<\/div>\n\t\t\t\t<\/div>\n\t\t\t\t<div class=\"elementor-element elementor-element-7ccee5d elementor-widget elementor-widget-image\" data-id=\"7ccee5d\" data-element_type=\"widget\" data-widget_type=\"image.default\">\n\t\t\t\t<div class=\"elementor-widget-container\">\n\t\t\t\t\t\t\t\t\t\t\t\t\t<img decoding=\"async\" width=\"300\" height=\"300\" src=\"https:\/\/inmobiliariayahve.com\/wp-content\/uploads\/2024\/01\/icono-4-300x300.png\" class=\"attachment-medium size-medium wp-image-196\" alt=\"\" srcset=\"https:\/\/inmobiliariayahve.com\/wp-content\/uploads\/2024\/01\/icono-4-300x300.png 300w, https:\/\/inmobiliariayahve.com\/wp-content\/uploads\/2024\/01\/icono-4-150x150.png 150w, https:\/\/inmobiliariayahve.com\/wp-content\/uploads\/2024\/01\/icono-4-768x768.png 768w, https:\/\/inmobiliariayahve.com\/wp-content\/uploads\/2024\/01\/icono-4.png 1000w\" sizes=\"(max-width: 300px) 100vw, 300px\" \/>\t\t\t\t\t\t\t\t\t\t\t\t\t<\/div>\n\t\t\t\t<\/div>\n\t\t\t\t<div class=\"elementor-element elementor-element-a91d6d5 elementor-widget elementor-widget-text-editor\" data-id=\"a91d6d5\" data-element_type=\"widget\" data-widget_type=\"text-editor.default\">\n\t\t\t\t<div class=\"elementor-widget-container\">\n\t\t\t\t\t\t\t<p class=\"MsoNormal\">Descubre el lujo y la comodidad perfectamente fusionados en este espacio dise\u00f1ado para consentirte.<\/p><p class=\"MsoNormal\"><span style=\"font-style: inherit; font-weight: inherit; background-color: var(--ast-global-color-5);\">Esta casa ofrece una rec\u00e1mara principal excepcional, un refugio privado donde el confort y el estilo se encuentran. Con detalles cuidadosamente seleccionados, desde los acabados elegantes hasta la iluminaci\u00f3n ambiental, cada elemento ha sido pensado para crear un espacio \u00edntimo que refleje tu estilo de vida.<\/span><\/p>\t\t\t\t\t\t<\/div>\n\t\t\t\t<\/div>\n\t\t\t\t\t<\/div>\n\t\t<\/div>\n\t\t\t\t\t<\/div>\n\t\t<\/section>\n\t\t\t\t<section class=\"elementor-section elementor-inner-section elementor-element elementor-element-f4dfb1d elementor-section-boxed elementor-section-height-default elementor-section-height-default\" data-id=\"f4dfb1d\" data-element_type=\"section\">\n\t\t\t\t\t\t<div class=\"elementor-container elementor-column-gap-default\">\n\t\t\t\t\t<div class=\"elementor-column elementor-col-50 elementor-inner-column elementor-element elementor-element-75491be\" data-id=\"75491be\" data-element_type=\"column\">\n\t\t\t<div class=\"elementor-widget-wrap elementor-element-populated\">\n\t\t\t\t\t\t<div class=\"elementor-element elementor-element-93d2da2 elementor-widget elementor-widget-heading\" data-id=\"93d2da2\" data-element_type=\"widget\" data-widget_type=\"heading.default\">\n\t\t\t\t<div class=\"elementor-widget-container\">\n\t\t\t<div class=\"elementor-heading-title elementor-size-default\">Estacionamiento para 3 autos<\/div>\t\t<\/div>\n\t\t\t\t<\/div>\n\t\t\t\t<div class=\"elementor-element elementor-element-65fbc0e elementor-widget elementor-widget-image\" data-id=\"65fbc0e\" data-element_type=\"widget\" data-widget_type=\"image.default\">\n\t\t\t\t<div class=\"elementor-widget-container\">\n\t\t\t\t\t\t\t\t\t\t\t\t\t<img decoding=\"async\" width=\"300\" height=\"300\" src=\"https:\/\/inmobiliariayahve.com\/wp-content\/uploads\/2024\/01\/icono-3-300x300.png\" class=\"attachment-medium size-medium wp-image-195\" alt=\"\" srcset=\"https:\/\/inmobiliariayahve.com\/wp-content\/uploads\/2024\/01\/icono-3-300x300.png 300w, https:\/\/inmobiliariayahve.com\/wp-content\/uploads\/2024\/01\/icono-3-150x150.png 150w, https:\/\/inmobiliariayahve.com\/wp-content\/uploads\/2024\/01\/icono-3-768x768.png 768w, https:\/\/inmobiliariayahve.com\/wp-content\/uploads\/2024\/01\/icono-3.png 1000w\" sizes=\"(max-width: 300px) 100vw, 300px\" \/>\t\t\t\t\t\t\t\t\t\t\t\t\t<\/div>\n\t\t\t\t<\/div>\n\t\t\t\t<div class=\"elementor-element elementor-element-ff35b41 elementor-widget elementor-widget-text-editor\" data-id=\"ff35b41\" data-element_type=\"widget\" data-widget_type=\"text-editor.default\">\n\t\t\t\t<div class=\"elementor-widget-container\">\n\t\t\t\t\t\t\t<p>Esta residencia excepcional no solo ofrece un dise\u00f1o elegante y funcional, sino tambi\u00e9n un amplio estacionamiento para hasta tres veh\u00edculos. Con espacio para cada uno de tus autos, esta casa brinda la comodidad que necesitas en tu d\u00eda a d\u00eda.<\/p><p><span style=\"font-style: inherit; font-weight: inherit; background-color: var(--ast-global-color-5);\">Imagina llegar a casa y encontrar estacionamiento sin preocupaciones, con espacio adicional para invitados o para esos momentos en los que necesitas un poco m\u00e1s de espacio. Esta casa ha sido pensada para satisfacer tus necesidades, proporcionando la practicidad que buscas sin comprometer el estilo.<\/span><\/p>\t\t\t\t\t\t<\/div>\n\t\t\t\t<\/div>\n\t\t\t\t\t<\/div>\n\t\t<\/div>\n\t\t\t\t<div class=\"elementor-column elementor-col-50 elementor-inner-column elementor-element elementor-element-5add062\" data-id=\"5add062\" data-element_type=\"column\">\n\t\t\t<div class=\"elementor-widget-wrap elementor-element-populated\">\n\t\t\t\t\t\t<div class=\"elementor-element elementor-element-c72c7e6 elementor-widget elementor-widget-heading\" data-id=\"c72c7e6\" data-element_type=\"widget\" data-widget_type=\"heading.default\">\n\t\t\t\t<div class=\"elementor-widget-container\">\n\t\t\t<div class=\"elementor-heading-title elementor-size-default\">Rec\u00e1maras jr.<\/div>\t\t<\/div>\n\t\t\t\t<\/div>\n\t\t\t\t<div class=\"elementor-element elementor-element-419645b elementor-widget elementor-widget-image\" data-id=\"419645b\" data-element_type=\"widget\" data-widget_type=\"image.default\">\n\t\t\t\t<div class=\"elementor-widget-container\">\n\t\t\t\t\t\t\t\t\t\t\t\t\t<img loading=\"lazy\" decoding=\"async\" width=\"300\" height=\"300\" src=\"https:\/\/inmobiliariayahve.com\/wp-content\/uploads\/2024\/01\/icono-2-300x300.png\" class=\"attachment-medium size-medium wp-image-194\" alt=\"\" srcset=\"https:\/\/inmobiliariayahve.com\/wp-content\/uploads\/2024\/01\/icono-2-300x300.png 300w, https:\/\/inmobiliariayahve.com\/wp-content\/uploads\/2024\/01\/icono-2-150x150.png 150w, https:\/\/inmobiliariayahve.com\/wp-content\/uploads\/2024\/01\/icono-2-768x768.png 768w, https:\/\/inmobiliariayahve.com\/wp-content\/uploads\/2024\/01\/icono-2.png 1000w\" sizes=\"(max-width: 300px) 100vw, 300px\" \/>\t\t\t\t\t\t\t\t\t\t\t\t\t<\/div>\n\t\t\t\t<\/div>\n\t\t\t\t<div class=\"elementor-element elementor-element-831c780 elementor-widget elementor-widget-text-editor\" data-id=\"831c780\" data-element_type=\"widget\" data-widget_type=\"text-editor.default\">\n\t\t\t\t<div class=\"elementor-widget-container\">\n\t\t\t\t\t\t\t<p>Descubre un espacio dedicado a las necesidades individuales de cada miembro de la familia, donde la privacidad y el confort se unen en un entorno moderno. Cada rec\u00e1mara Junior ha sido cuidadosamente dise\u00f1ada para proporcionar un santuario personal, permitiendo a cada ocupante expresar su personalidad mientras disfruta de su propio rinc\u00f3n acogedor.<\/p><p><span style=\"font-style: inherit; font-weight: inherit; background-color: var(--ast-global-color-5);\">Con detalles pensados para la versatilidad, estas rec\u00e1maras son ideales para ni\u00f1os, adolescentes o como espacio multifuncional. El dise\u00f1o contempor\u00e1neo se combina con funcionalidad para crear un hogar donde todos tienen su propio espacio especial.<\/span><\/p>\t\t\t\t\t\t<\/div>\n\t\t\t\t<\/div>\n\t\t\t\t\t<\/div>\n\t\t<\/div>\n\t\t\t\t\t<\/div>\n\t\t<\/section>\n\t\t\t\t\t<\/div>\n\t\t<\/div>\n\t\t\t\t\t<\/div>\n\t\t<\/section>\n\t\t\t\t<\/div>\n\t\t","protected":false},"excerpt":{"rendered":"<p>Bienvenido a Inmobiliaria Yahve Conoce nuestro nuevo proyecto Virreyes Residencial \u00a1Somos tu socio confiable en bienes ra\u00edces donde tus sue\u00f1os encuentran hogar! En Yahv\u00e9 Inmobiliaria, nos enorgullece ofrecer un servicio personalizado y profesional en el mundo de los bienes ra\u00edces. Nuestra misi\u00f3n es conectar personas con hogares que reflejen sus sue\u00f1os y necesidades, convirtiendo cada [&hellip;]<\/p>\n","protected":false},"author":2,"featured_media":0,"parent":0,"menu_order":0,"comment_status":"closed","ping_status":"closed","template":"","meta":{"site-sidebar-layout":"no-sidebar","site-content-layout":"page-builder","ast-site-content-layout":"full-width-container","site-content-style":"default","site-sidebar-style":"default","ast-global-header-display":"","ast-banner-title-visibility":"","ast-main-header-display":"","ast-hfb-above-header-display":"","ast-hfb-below-header-display":"","ast-hfb-mobile-header-display":"","site-post-title":"disabled","ast-breadcrumbs-content":"","ast-featured-img":"disabled","footer-sml-layout":"","theme-transparent-header-meta":"","adv-header-id-meta":"","stick-header-meta":"","header-above-stick-meta":"","header-main-stick-meta":"","header-below-stick-meta":"","astra-migrate-meta-layouts":"default","ast-page-background-enabled":"default","ast-page-background-meta":{"desktop":{"background-color":"var(--ast-global-color-4)","background-image":"","background-repeat":"repeat","background-position":"center center","background-size":"auto","background-attachment":"scroll","background-type":"","background-media":"","overlay-type":"","overlay-color":"","overlay-opacity":"","overlay-gradient":""},"tablet":{"background-color":"","background-image":"","background-repeat":"repeat","background-position":"center center","background-size":"auto","background-attachment":"scroll","background-type":"","background-media":"","overlay-type":"","overlay-color":"","overlay-opacity":"","overlay-gradient":""},"mobile":{"background-color":"","background-image":"","background-repeat":"repeat","background-position":"center center","background-size":"auto","background-attachment":"scroll","background-type":"","background-media":"","overlay-type":"","overlay-color":"","overlay-opacity":"","overlay-gradient":""}},"ast-content-background-meta":{"desktop":{"background-color":"var(--ast-global-color-5)","background-image":"","background-repeat":"repeat","background-position":"center center","background-size":"auto","background-attachment":"scroll","background-type":"","background-media":"","overlay-type":"","overlay-color":"","overlay-opacity":"","overlay-gradient":""},"tablet":{"background-color":"var(--ast-global-color-5)","background-image":"","background-repeat":"repeat","background-position":"center center","background-size":"auto","background-attachment":"scroll","background-type":"","background-media":"","overlay-type":"","overlay-color":"","overlay-opacity":"","overlay-gradient":""},"mobile":{"background-color":"var(--ast-global-color-5)","background-image":"","background-repeat":"repeat","background-position":"center center","background-size":"auto","background-attachment":"scroll","background-type":"","background-media":"","overlay-type":"","overlay-color":"","overlay-opacity":"","overlay-gradient":""}},"footnotes":""},"_links":{"self":[{"href":"https:\/\/inmobiliariayahve.com\/index.php\/wp-json\/wp\/v2\/pages\/1261"}],"collection":[{"href":"https:\/\/inmobiliariayahve.com\/index.php\/wp-json\/wp\/v2\/pages"}],"about":[{"href":"https:\/\/inmobiliariayahve.com\/index.php\/wp-json\/wp\/v2\/types\/page"}],"author":[{"embeddable":true,"href":"https:\/\/inmobiliariayahve.com\/index.php\/wp-json\/wp\/v2\/users\/2"}],"replies":[{"embeddable":true,"href":"https:\/\/inmobiliariayahve.com\/index.php\/wp-json\/wp\/v2\/comments?post=1261"}],"version-history":[{"count":29,"href":"https:\/\/inmobiliariayahve.com\/index.php\/wp-json\/wp\/v2\/pages\/1261\/revisions"}],"predecessor-version":[{"id":1421,"href":"https:\/\/inmobiliariayahve.com\/index.php\/wp-json\/wp\/v2\/pages\/1261\/revisions\/1421"}],"wp:attachment":[{"href":"https:\/\/inmobiliariayahve.com\/index.php\/wp-json\/wp\/v2\/media?parent=1261"}],"curies":[{"name":"wp","href":"https:\/\/api.w.org\/{rel}","templated":true}]}}