{"id":148,"date":"2023-12-14T22:57:12","date_gmt":"2023-12-14T22:57:12","guid":{"rendered":"https:\/\/inmobiliariayahve.com\/?page_id=148"},"modified":"2024-05-28T23:50:36","modified_gmt":"2024-05-28T23:50:36","slug":"proyectos","status":"publish","type":"page","link":"https:\/\/inmobiliariayahve.com\/index.php\/proyectos\/","title":{"rendered":"Proyectos"},"content":{"rendered":"\t\t<div data-elementor-type=\"wp-page\" data-elementor-id=\"148\" class=\"elementor elementor-148\">\n\t\t\t\t\t\t<section class=\"elementor-section elementor-top-section elementor-element elementor-element-e2107ee elementor-section-content-middle elementor-section-boxed elementor-section-height-default elementor-section-height-default\" data-id=\"e2107ee\" data-element_type=\"section\" data-settings=\"{&quot;background_background&quot;:&quot;slideshow&quot;,&quot;background_slideshow_gallery&quot;:[{&quot;id&quot;:1272,&quot;url&quot;:&quot;https:\\\/\\\/inmobiliariayahve.com\\\/wp-content\\\/uploads\\\/2024\\\/05\\\/IMG_20240521_161031135_HDR-scaled.jpg&quot;},{&quot;id&quot;:1273,&quot;url&quot;:&quot;https:\\\/\\\/inmobiliariayahve.com\\\/wp-content\\\/uploads\\\/2024\\\/05\\\/IMG_20240521_161217782_HDR-scaled.jpg&quot;},{&quot;id&quot;:1270,&quot;url&quot;:&quot;https:\\\/\\\/inmobiliariayahve.com\\\/wp-content\\\/uploads\\\/2024\\\/05\\\/IMG_20240521_160050127-scaled.jpg&quot;},{&quot;id&quot;:1263,&quot;url&quot;:&quot;https:\\\/\\\/inmobiliariayahve.com\\\/wp-content\\\/uploads\\\/2024\\\/05\\\/IMG_20240521_154829322-scaled.jpg&quot;},{&quot;id&quot;:1266,&quot;url&quot;:&quot;https:\\\/\\\/inmobiliariayahve.com\\\/wp-content\\\/uploads\\\/2024\\\/05\\\/IMG_20240521_155311688_HDR-scaled.jpg&quot;}],&quot;background_slideshow_loop&quot;:&quot;yes&quot;,&quot;background_slideshow_slide_duration&quot;:5000,&quot;background_slideshow_slide_transition&quot;:&quot;fade&quot;,&quot;background_slideshow_transition_duration&quot;:500}\">\n\t\t\t\t\t\t\t<div class=\"elementor-background-overlay\"><\/div>\n\t\t\t\t\t\t\t<div class=\"elementor-container elementor-column-gap-no\">\n\t\t\t\t\t<div class=\"elementor-column elementor-col-100 elementor-top-column elementor-element elementor-element-8128f4d\" data-id=\"8128f4d\" data-element_type=\"column\">\n\t\t\t<div class=\"elementor-widget-wrap elementor-element-populated\">\n\t\t\t\t\t\t<div class=\"elementor-element elementor-element-0e9d4c2 animated-slow elementor-invisible elementor-widget elementor-widget-heading\" data-id=\"0e9d4c2\" data-element_type=\"widget\" data-settings=\"{&quot;_animation&quot;:&quot;fadeIn&quot;}\" data-widget_type=\"heading.default\">\n\t\t\t\t<div class=\"elementor-widget-container\">\n\t\t\t<style>\/*! elementor - v3.22.0 - 17-06-2024 *\/\n.elementor-heading-title{padding:0;margin:0;line-height:1}.elementor-widget-heading .elementor-heading-title[class*=elementor-size-]>a{color:inherit;font-size:inherit;line-height:inherit}.elementor-widget-heading .elementor-heading-title.elementor-size-small{font-size:15px}.elementor-widget-heading .elementor-heading-title.elementor-size-medium{font-size:19px}.elementor-widget-heading .elementor-heading-title.elementor-size-large{font-size:29px}.elementor-widget-heading .elementor-heading-title.elementor-size-xl{font-size:39px}.elementor-widget-heading .elementor-heading-title.elementor-size-xxl{font-size:59px}<\/style><div class=\"elementor-heading-title elementor-size-default\">Conoce nuestro nuevo proyecto<\/div>\t\t<\/div>\n\t\t\t\t<\/div>\n\t\t\t\t<div class=\"elementor-element elementor-element-117e9f2 animated-slow elementor-invisible elementor-widget elementor-widget-heading\" data-id=\"117e9f2\" data-element_type=\"widget\" data-settings=\"{&quot;_animation&quot;:&quot;fadeIn&quot;}\" data-widget_type=\"heading.default\">\n\t\t\t\t<div class=\"elementor-widget-container\">\n\t\t\t<div class=\"elementor-heading-title elementor-size-default\">Bienvenidos a Virreyes Residencial<\/div>\t\t<\/div>\n\t\t\t\t<\/div>\n\t\t\t\t<div class=\"elementor-element elementor-element-d07f6bf elementor-widget elementor-widget-text-editor\" data-id=\"d07f6bf\" data-element_type=\"widget\" data-widget_type=\"text-editor.default\">\n\t\t\t\t<div class=\"elementor-widget-container\">\n\t\t\t<style>\/*! elementor - v3.22.0 - 17-06-2024 *\/\n.elementor-widget-text-editor.elementor-drop-cap-view-stacked .elementor-drop-cap{background-color:#69727d;color:#fff}.elementor-widget-text-editor.elementor-drop-cap-view-framed .elementor-drop-cap{color:#69727d;border:3px solid;background-color:transparent}.elementor-widget-text-editor:not(.elementor-drop-cap-view-default) .elementor-drop-cap{margin-top:8px}.elementor-widget-text-editor:not(.elementor-drop-cap-view-default) .elementor-drop-cap-letter{width:1em;height:1em}.elementor-widget-text-editor .elementor-drop-cap{float:left;text-align:center;line-height:1;font-size:50px}.elementor-widget-text-editor .elementor-drop-cap-letter{display:inline-block}<\/style>\t\t\t\t<p><strong>Descubre la Distinci\u00f3n de Virreyes Residencial:<\/strong><\/p><p>Enclavada en un entorno exclusivo, Virreyes Residencial redefine la experiencia de vivir con acabados de lujo que reflejan elegancia y sofisticaci\u00f3n. Cada detalle ha sido cuidadosamente dise\u00f1ado para ofrecer un est\u00e1ndar de vida inigualable.<\/p><p><strong>Acabados de Lujo:<\/strong><\/p><p>Experimenta la excelencia en cada rinc\u00f3n de tu hogar. Desde suelos de m\u00e1rmol hasta detalles arquitect\u00f3nicos personalizados, cada residencia en Virreyes se distingue por sus acabados meticulosamente seleccionados.<\/p><p><strong>Amenidades \u00danicas:<\/strong><\/p><p>Disfruta de un estilo de vida exclusivo con nuestras amenidades que van m\u00e1s all\u00e1 de lo convencional. Desde piscinas infinitas hasta \u00e1reas de recreaci\u00f3n al aire libre, Virreyes Residencial te invita a vivir en un oasis de comodidad y esparcimiento.<\/p><p><strong>Ubicaci\u00f3n Privilegiada:<\/strong><\/p><p>Situado en un entorno sereno y de f\u00e1cil acceso, Virreyes Residencial combina la tranquilidad de un vecindario residencial con la proximidad a las comodidades urbanas.<\/p><p><strong>Experiencia Inmobiliaria de Clase Mundial:<\/strong><\/p><p>Nuestro compromiso es ofrecer una experiencia inmobiliaria excepcional. Con un equipo dedicado y servicios personalizados, en Virreyes Residencial, cada residente es una prioridad.<\/p>\t\t\t\t\t\t<\/div>\n\t\t\t\t<\/div>\n\t\t\t\t\t<\/div>\n\t\t<\/div>\n\t\t\t\t\t<\/div>\n\t\t<\/section>\n\t\t\t\t<\/div>\n\t\t","protected":false},"excerpt":{"rendered":"<p>Conoce nuestro nuevo proyecto Bienvenidos a Virreyes Residencial Descubre la Distinci\u00f3n de Virreyes Residencial: Enclavada en un entorno exclusivo, Virreyes Residencial redefine la experiencia de vivir con acabados de lujo que reflejan elegancia y sofisticaci\u00f3n. Cada detalle ha sido cuidadosamente dise\u00f1ado para ofrecer un est\u00e1ndar de vida inigualable. Acabados de Lujo: Experimenta la excelencia en [&hellip;]<\/p>\n","protected":false},"author":2,"featured_media":0,"parent":0,"menu_order":0,"comment_status":"closed","ping_status":"closed","template":"","meta":{"site-sidebar-layout":"default","site-content-layout":"","ast-site-content-layout":"default","site-content-style":"default","site-sidebar-style":"default","ast-global-header-display":"","ast-banner-title-visibility":"","ast-main-header-display":"","ast-hfb-above-header-display":"","ast-hfb-below-header-display":"","ast-hfb-mobile-header-display":"","site-post-title":"disabled","ast-breadcrumbs-content":"","ast-featured-img":"","footer-sml-layout":"","theme-transparent-header-meta":"","adv-header-id-meta":"","stick-header-meta":"","header-above-stick-meta":"","header-main-stick-meta":"","header-below-stick-meta":"","astra-migrate-meta-layouts":"set","ast-page-background-enabled":"default","ast-page-background-meta":{"desktop":{"background-color":"var(--ast-global-color-4)","background-image":"","background-repeat":"repeat","background-position":"center center","background-size":"auto","background-attachment":"scroll","background-type":"","background-media":"","overlay-type":"","overlay-color":"","overlay-opacity":"","overlay-gradient":""},"tablet":{"background-color":"","background-image":"","background-repeat":"repeat","background-position":"center center","background-size":"auto","background-attachment":"scroll","background-type":"","background-media":"","overlay-type":"","overlay-color":"","overlay-opacity":"","overlay-gradient":""},"mobile":{"background-color":"","background-image":"","background-repeat":"repeat","background-position":"center center","background-size":"auto","background-attachment":"scroll","background-type":"","background-media":"","overlay-type":"","overlay-color":"","overlay-opacity":"","overlay-gradient":""}},"ast-content-background-meta":{"desktop":{"background-color":"var(--ast-global-color-5)","background-image":"","background-repeat":"repeat","background-position":"center center","background-size":"auto","background-attachment":"scroll","background-type":"","background-media":"","overlay-type":"","overlay-color":"","overlay-opacity":"","overlay-gradient":""},"tablet":{"background-color":"var(--ast-global-color-5)","background-image":"","background-repeat":"repeat","background-position":"center center","background-size":"auto","background-attachment":"scroll","background-type":"","background-media":"","overlay-type":"","overlay-color":"","overlay-opacity":"","overlay-gradient":""},"mobile":{"background-color":"var(--ast-global-color-5)","background-image":"","background-repeat":"repeat","background-position":"center center","background-size":"auto","background-attachment":"scroll","background-type":"","background-media":"","overlay-type":"","overlay-color":"","overlay-opacity":"","overlay-gradient":""}},"footnotes":""},"_links":{"self":[{"href":"https:\/\/inmobiliariayahve.com\/index.php\/wp-json\/wp\/v2\/pages\/148"}],"collection":[{"href":"https:\/\/inmobiliariayahve.com\/index.php\/wp-json\/wp\/v2\/pages"}],"about":[{"href":"https:\/\/inmobiliariayahve.com\/index.php\/wp-json\/wp\/v2\/types\/page"}],"author":[{"embeddable":true,"href":"https:\/\/inmobiliariayahve.com\/index.php\/wp-json\/wp\/v2\/users\/2"}],"replies":[{"embeddable":true,"href":"https:\/\/inmobiliariayahve.com\/index.php\/wp-json\/wp\/v2\/comments?post=148"}],"version-history":[{"count":16,"href":"https:\/\/inmobiliariayahve.com\/index.php\/wp-json\/wp\/v2\/pages\/148\/revisions"}],"predecessor-version":[{"id":1394,"href":"https:\/\/inmobiliariayahve.com\/index.php\/wp-json\/wp\/v2\/pages\/148\/revisions\/1394"}],"wp:attachment":[{"href":"https:\/\/inmobiliariayahve.com\/index.php\/wp-json\/wp\/v2\/media?parent=148"}],"curies":[{"name":"wp","href":"https:\/\/api.w.org\/{rel}","templated":true}]}}